{"id":28,"date":"2023-12-12T14:22:45","date_gmt":"2023-12-12T14:22:45","guid":{"rendered":"https:\/\/flextimehub-develop.cdn-gamma.com\/?page_id=28"},"modified":"2025-02-11T15:31:50","modified_gmt":"2025-02-11T15:31:50","slug":"imprint","status":"publish","type":"page","link":"https:\/\/flextimehub.com\/en\/imprint\/","title":{"rendered":"Imprint"},"content":{"rendered":"<div data-elementor-type=\"wp-page\" data-elementor-id=\"28\" class=\"elementor elementor-28\" data-elementor-post-type=\"page\">\n\t\t\t\t<div class=\"elementor-element elementor-element-0f79b6d e-flex e-con-boxed e-con e-parent\" data-id=\"0f79b6d\" data-element_type=\"container\" data-settings=\"{&quot;background_background&quot;:&quot;classic&quot;}\">\n\t\t\t\t\t<div class=\"e-con-inner\">\n\t\t\t\t<div class=\"elementor-element elementor-element-59afa6c elementor-view-default elementor-widget elementor-widget-icon\" data-id=\"59afa6c\" data-element_type=\"widget\" data-widget_type=\"icon.default\">\n\t\t\t\t<div class=\"elementor-widget-container\">\n\t\t\t\t\t\t\t<div class=\"elementor-icon-wrapper\">\n\t\t\t<div class=\"elementor-icon\">\n\t\t\t<svg xmlns=\"http:\/\/www.w3.org\/2000\/svg\" id=\"Ebene_2\" data-name=\"Ebene 2\" viewbox=\"0 0 247.6 278.17\"><defs><style>      .cls-1 {        fill: #ffaf2c;        stroke-width: 0px;      }    <\/style><\/defs><g id=\"Ebene_12\" data-name=\"Ebene 12\"><path class=\"cls-1\" d=\"m247.6,196.13v-114.08c0-8.93-4.76-17.18-12.5-21.65L136.3,3.35c-7.74-4.47-17.26-4.47-25,0L12.5,60.39c-7.74,4.47-12.5,12.72-12.5,21.65v114.08c0,8.93,4.76,17.18,12.5,21.65l98.8,57.04c7.74,4.47,17.26,4.47,25,0l98.8-57.04c7.74-4.47,12.5-12.72,12.5-21.65Z\"><\/path><\/g><\/svg>\t\t\t<\/div>\n\t\t<\/div>\n\t\t\t\t\t\t<\/div>\n\t\t\t\t<\/div>\n\t\t\t\t<div class=\"elementor-element elementor-element-e1536d6 elementor-widget elementor-widget-heading\" data-id=\"e1536d6\" data-element_type=\"widget\" data-widget_type=\"heading.default\">\n\t\t\t\t<div class=\"elementor-widget-container\">\n\t\t\t\t\t<h1 class=\"elementor-heading-title elementor-size-default\">Imprint<\/h1>\t\t\t\t<\/div>\n\t\t\t\t<\/div>\n\t\t\t\t\t<\/div>\n\t\t\t\t<\/div>\n\t\t<div class=\"elementor-element elementor-element-b5011e8 e-flex e-con-boxed e-con e-parent\" data-id=\"b5011e8\" data-element_type=\"container\">\n\t\t\t\t\t<div class=\"e-con-inner\">\n\t\t\t\t<div class=\"elementor-element elementor-element-1b06514 elementor-widget elementor-widget-text-editor\" data-id=\"1b06514\" data-element_type=\"widget\" data-widget_type=\"text-editor.default\">\n\t\t\t\t<div class=\"elementor-widget-container\">\n\t\t\t\t\t\t\t\t\t<p><strong>Information according to \u00a7 5 TMG<\/strong><\/p><p><span style=\"font-weight: 400\">Flexhub IT Solutions GmbH<\/span><span style=\"font-weight: 400\"><br \/><\/span>Stubenwald - Allee 21a<br \/>64625 Bensheim<\/p><p><strong>Register number:<\/strong><br \/>HRB105954\u00a0<\/p><p><strong>VAT ID:<\/strong><br \/>DE366090572<\/p><p><strong>Register court:<\/strong><br \/>Darmstadt<\/p><p><b>Represented by:<br \/><\/b><span style=\"font-weight: 400\">Niko Kaul (Management)<br \/><\/span><span style=\"font-weight: 400\">Stephan Brauer (Management)<\/span><span style=\"font-weight: 400\"><br \/><\/span><b><\/b><\/p><p><b>Contact us<br \/><\/b><span style=\"font-weight: 400\">e-mail: <\/span><a href=\"mailto:info@flextimehub.com\" target=\"_blank\" rel=\"noopener\"><span style=\"font-weight: 400\">info@flextimehub.com<\/span><\/a><\/p><p><b>Editorially responsible within the meaning of \u00a7 18, para. 2 MStV<br \/><\/b><span style=\"font-weight: 400\">Niko Kaul<\/span><\/p><p><b>Illustration and web design<br \/><\/b><span style=\"font-weight: 400\">Anja S\u00e4dler from <\/span><a href=\"https:\/\/www.asaedler.de\" target=\"_blank\" rel=\"noopener\"><span style=\"font-weight: 400\">https:\/\/www.asaedler.de<\/span><\/a><span style=\"font-weight: 400\">\u00a0<br \/><\/span><span style=\"font-weight: 400\">Marketing Managers (Maximilian Nols and Marc Sch\u00e4fer; <a href=\"https:\/\/marketing-managers.com\/\" target=\"_blank\" rel=\"noopener\">https:\/\/marketing-managers.com\/<\/a>)\u00a0<\/span><\/p>\t\t\t\t\t\t\t\t<\/div>\n\t\t\t\t<\/div>\n\t\t\t\t\t<\/div>\n\t\t\t\t<\/div>\n\t\t\t\t<\/div>","protected":false},"excerpt":{"rendered":"<p>Imprint Information according to \u00a7 5 TMG Flexhub IT Solutions GmbHStubenwald - Allee 21a64625 Bensheim Register number:HRB105954 VAT-ID:DE366090572 Register court:Darmstadt Represented by:Niko Kaul (Management)Stephan Brauer (Management) ContactE-Mail: info@flextimehub.com Editorially responsible according to \u00a7 18, Abs. 2 MStVNiko Kaul Illustration and web designAnja S\u00e4dler from https:\/\/www.asaedler.de Marketing Managers (Maximilian Nols and Marc Sch\u00e4fer; https:\/\/marketing-managers.com\/)\u00a0<\/p>","protected":false},"author":1,"featured_media":0,"parent":0,"menu_order":0,"comment_status":"closed","ping_status":"closed","template":"","meta":{"content-type":"","site-sidebar-layout":"no-sidebar","site-content-layout":"","ast-site-content-layout":"full-width-container","site-content-style":"default","site-sidebar-style":"default","ast-global-header-display":"","ast-banner-title-visibility":"","ast-main-header-display":"","ast-hfb-above-header-display":"","ast-hfb-below-header-display":"","ast-hfb-mobile-header-display":"","site-post-title":"disabled","ast-breadcrumbs-content":"","ast-featured-img":"disabled","footer-sml-layout":"","theme-transparent-header-meta":"","adv-header-id-meta":"","stick-header-meta":"","header-above-stick-meta":"","header-main-stick-meta":"","header-below-stick-meta":"","astra-migrate-meta-layouts":"default","ast-page-background-enabled":"default","ast-page-background-meta":{"desktop":{"background-color":"var(--ast-global-color-4)","background-image":"","background-repeat":"repeat","background-position":"center center","background-size":"auto","background-attachment":"scroll","background-type":"","background-media":"","overlay-type":"","overlay-color":"","overlay-opacity":"","overlay-gradient":""},"tablet":{"background-color":"","background-image":"","background-repeat":"repeat","background-position":"center center","background-size":"auto","background-attachment":"scroll","background-type":"","background-media":"","overlay-type":"","overlay-color":"","overlay-opacity":"","overlay-gradient":""},"mobile":{"background-color":"","background-image":"","background-repeat":"repeat","background-position":"center center","background-size":"auto","background-attachment":"scroll","background-type":"","background-media":"","overlay-type":"","overlay-color":"","overlay-opacity":"","overlay-gradient":""}},"ast-content-background-meta":{"desktop":{"background-color":"var(--ast-global-color-5)","background-image":"","background-repeat":"repeat","background-position":"center center","background-size":"auto","background-attachment":"scroll","background-type":"","background-media":"","overlay-type":"","overlay-color":"","overlay-opacity":"","overlay-gradient":""},"tablet":{"background-color":"var(--ast-global-color-5)","background-image":"","background-repeat":"repeat","background-position":"center center","background-size":"auto","background-attachment":"scroll","background-type":"","background-media":"","overlay-type":"","overlay-color":"","overlay-opacity":"","overlay-gradient":""},"mobile":{"background-color":"var(--ast-global-color-5)","background-image":"","background-repeat":"repeat","background-position":"center center","background-size":"auto","background-attachment":"scroll","background-type":"","background-media":"","overlay-type":"","overlay-color":"","overlay-opacity":"","overlay-gradient":""}},"footnotes":""},"class_list":["post-28","page","type-page","status-publish","hentry"],"yoast_head":"<!-- This site is optimized with the Yoast SEO plugin v26.6 - https:\/\/yoast.com\/wordpress\/plugins\/seo\/ -->\n<title>Impressum - flextimeHUB<\/title>\n<meta name=\"robots\" content=\"index, follow, max-snippet:-1, max-image-preview:large, max-video-preview:-1\" \/>\n<link rel=\"canonical\" href=\"https:\/\/flextimehub.com\/en\/imprint\/\" \/>\n<meta property=\"og:locale\" content=\"en_GB\" \/>\n<meta property=\"og:type\" content=\"article\" \/>\n<meta property=\"og:title\" content=\"Impressum - flextimeHUB\" \/>\n<meta property=\"og:description\" content=\"Impressum Angaben gem\u00e4\u00df \u00a7 5 TMG Flexhub IT Solutions GmbHStubenwald \u2013 Allee 21a64625 Bensheim Registernummer:HRB105954\u00a0 USt-ID:DE366090572 Registergericht:Darmstadt Vertreten durch:Niko Kaul (Gesch\u00e4ftsf\u00fchrung)Stephan Brauer (Gesch\u00e4ftsf\u00fchrung) KontaktE-Mail: info@flextimehub.com Redaktionell verantwortlich i. S. v. \u00a7 18, Abs. 2 MStVNiko Kaul Illustration und WebdesignAnja S\u00e4dler von https:\/\/www.asaedler.de\u00a0Marketing Managers (Maximilian Nols und Marc Sch\u00e4fer; https:\/\/marketing-managers.com\/)\u00a0\" \/>\n<meta property=\"og:url\" content=\"https:\/\/flextimehub.com\/en\/imprint\/\" \/>\n<meta property=\"og:site_name\" content=\"flextimeHUB\" \/>\n<meta property=\"article:modified_time\" content=\"2025-02-11T15:31:50+00:00\" \/>\n<meta name=\"twitter:card\" content=\"summary_large_image\" \/>\n<meta name=\"twitter:label1\" content=\"Estimated reading time\" \/>\n\t<meta name=\"twitter:data1\" content=\"1 minute\" \/>\n<script type=\"application\/ld+json\" class=\"yoast-schema-graph\">{\"@context\":\"https:\/\/schema.org\",\"@graph\":[{\"@type\":\"WebPage\",\"@id\":\"https:\/\/flextimehub.com\/impressum\/\",\"url\":\"https:\/\/flextimehub.com\/impressum\/\",\"name\":\"Impressum - flextimeHUB\",\"isPartOf\":{\"@id\":\"https:\/\/flextimehub.com\/#website\"},\"datePublished\":\"2023-12-12T14:22:45+00:00\",\"dateModified\":\"2025-02-11T15:31:50+00:00\",\"breadcrumb\":{\"@id\":\"https:\/\/flextimehub.com\/impressum\/#breadcrumb\"},\"inLanguage\":\"en-GB\",\"potentialAction\":[{\"@type\":\"ReadAction\",\"target\":[\"https:\/\/flextimehub.com\/impressum\/\"]}]},{\"@type\":\"BreadcrumbList\",\"@id\":\"https:\/\/flextimehub.com\/impressum\/#breadcrumb\",\"itemListElement\":[{\"@type\":\"ListItem\",\"position\":1,\"name\":\"Home\",\"item\":\"https:\/\/flextimehub.com\/\"},{\"@type\":\"ListItem\",\"position\":2,\"name\":\"Impressum\"}]},{\"@type\":\"WebSite\",\"@id\":\"https:\/\/flextimehub.com\/#website\",\"url\":\"https:\/\/flextimehub.com\/\",\"name\":\"flextimeHUB\",\"description\":\"\",\"publisher\":{\"@id\":\"https:\/\/flextimehub.com\/#organization\"},\"inLanguage\":\"en-GB\"},{\"@type\":\"Organization\",\"@id\":\"https:\/\/flextimehub.com\/#organization\",\"name\":\"flextimeHUB\",\"url\":\"https:\/\/flextimehub.com\/\",\"logo\":{\"@type\":\"ImageObject\",\"inLanguage\":\"en-GB\",\"@id\":\"https:\/\/flextimehub.com\/#\/schema\/logo\/image\/\",\"url\":\"https:\/\/flextimehub.com\/wp-content\/uploads\/2023\/12\/FTH_LogoText_dark_default.svg\",\"contentUrl\":\"https:\/\/flextimehub.com\/wp-content\/uploads\/2023\/12\/FTH_LogoText_dark_default.svg\",\"width\":1000,\"height\":184,\"caption\":\"flextimeHUB\"},\"image\":{\"@id\":\"https:\/\/flextimehub.com\/#\/schema\/logo\/image\/\"}}]}<\/script>\n<!-- \/ Yoast SEO plugin. -->","yoast_head_json":{"title":"Imprint - flextimeHUB","robots":{"index":"index","follow":"follow","max-snippet":"max-snippet:-1","max-image-preview":"max-image-preview:large","max-video-preview":"max-video-preview:-1"},"canonical":"https:\/\/flextimehub.com\/en\/imprint\/","og_locale":"en_GB","og_type":"article","og_title":"Impressum - flextimeHUB","og_description":"Impressum Angaben gem\u00e4\u00df \u00a7 5 TMG Flexhub IT Solutions GmbHStubenwald \u2013 Allee 21a64625 Bensheim Registernummer:HRB105954\u00a0 USt-ID:DE366090572 Registergericht:Darmstadt Vertreten durch:Niko Kaul (Gesch\u00e4ftsf\u00fchrung)Stephan Brauer (Gesch\u00e4ftsf\u00fchrung) KontaktE-Mail: info@flextimehub.com Redaktionell verantwortlich i. S. v. \u00a7 18, Abs. 2 MStVNiko Kaul Illustration und WebdesignAnja S\u00e4dler von https:\/\/www.asaedler.de\u00a0Marketing Managers (Maximilian Nols und Marc Sch\u00e4fer; https:\/\/marketing-managers.com\/)\u00a0","og_url":"https:\/\/flextimehub.com\/en\/imprint\/","og_site_name":"flextimeHUB","article_modified_time":"2025-02-11T15:31:50+00:00","twitter_card":"summary_large_image","twitter_misc":{"Estimated reading time":"1 minute"},"schema":{"@context":"https:\/\/schema.org","@graph":[{"@type":"WebPage","@id":"https:\/\/flextimehub.com\/impressum\/","url":"https:\/\/flextimehub.com\/impressum\/","name":"Imprint - flextimeHUB","isPartOf":{"@id":"https:\/\/flextimehub.com\/#website"},"datePublished":"2023-12-12T14:22:45+00:00","dateModified":"2025-02-11T15:31:50+00:00","breadcrumb":{"@id":"https:\/\/flextimehub.com\/impressum\/#breadcrumb"},"inLanguage":"en-GB","potentialAction":[{"@type":"ReadAction","target":["https:\/\/flextimehub.com\/impressum\/"]}]},{"@type":"BreadcrumbList","@id":"https:\/\/flextimehub.com\/impressum\/#breadcrumb","itemListElement":[{"@type":"ListItem","position":1,"name":"Home","item":"https:\/\/flextimehub.com\/"},{"@type":"ListItem","position":2,"name":"Impressum"}]},{"@type":"WebSite","@id":"https:\/\/flextimehub.com\/#website","url":"https:\/\/flextimehub.com\/","name":"flextimeHUB","description":"","publisher":{"@id":"https:\/\/flextimehub.com\/#organization"},"inLanguage":"en-GB"},{"@type":"Organization","@id":"https:\/\/flextimehub.com\/#organization","name":"flextimeHUB","url":"https:\/\/flextimehub.com\/","logo":{"@type":"ImageObject","inLanguage":"en-GB","@id":"https:\/\/flextimehub.com\/#\/schema\/logo\/image\/","url":"https:\/\/flextimehub.com\/wp-content\/uploads\/2023\/12\/FTH_LogoText_dark_default.svg","contentUrl":"https:\/\/flextimehub.com\/wp-content\/uploads\/2023\/12\/FTH_LogoText_dark_default.svg","width":1000,"height":184,"caption":"flextimeHUB"},"image":{"@id":"https:\/\/flextimehub.com\/#\/schema\/logo\/image\/"}}]}},"_links":{"self":[{"href":"https:\/\/flextimehub.com\/en\/wp-json\/wp\/v2\/pages\/28","targetHints":{"allow":["GET"]}}],"collection":[{"href":"https:\/\/flextimehub.com\/en\/wp-json\/wp\/v2\/pages"}],"about":[{"href":"https:\/\/flextimehub.com\/en\/wp-json\/wp\/v2\/types\/page"}],"author":[{"embeddable":true,"href":"https:\/\/flextimehub.com\/en\/wp-json\/wp\/v2\/users\/1"}],"replies":[{"embeddable":true,"href":"https:\/\/flextimehub.com\/en\/wp-json\/wp\/v2\/comments?post=28"}],"version-history":[{"count":38,"href":"https:\/\/flextimehub.com\/en\/wp-json\/wp\/v2\/pages\/28\/revisions"}],"predecessor-version":[{"id":1862,"href":"https:\/\/flextimehub.com\/en\/wp-json\/wp\/v2\/pages\/28\/revisions\/1862"}],"wp:attachment":[{"href":"https:\/\/flextimehub.com\/en\/wp-json\/wp\/v2\/media?parent=28"}],"curies":[{"name":"wp","href":"https:\/\/api.w.org\/{rel}","templated":true}]}}