{"id":1826,"date":"2025-01-30T12:04:35","date_gmt":"2025-01-30T12:04:35","guid":{"rendered":"https:\/\/flextimehub.com\/?page_id=1826"},"modified":"2025-01-30T18:44:36","modified_gmt":"2025-01-30T18:44:36","slug":"gebruikersvergoedingen","status":"publish","type":"page","link":"https:\/\/flextimehub.com\/nl\/gebruikersvergoedingen\/","title":{"rendered":"Gebruikersvergoedingen"},"content":{"rendered":"<div data-elementor-type=\"wp-page\" data-elementor-id=\"1826\" class=\"elementor elementor-1826\" data-elementor-post-type=\"page\">\n\t\t\t\t<div class=\"elementor-element elementor-element-110b6d4 e-flex e-con-boxed e-con e-parent\" data-id=\"110b6d4\" data-element_type=\"container\" data-settings=\"{&quot;background_background&quot;:&quot;classic&quot;}\">\n\t\t\t\t\t<div class=\"e-con-inner\">\n\t\t\t\t<div class=\"elementor-element elementor-element-3c8edf7 elementor-view-default elementor-widget elementor-widget-icon\" data-id=\"3c8edf7\" data-element_type=\"widget\" data-widget_type=\"icon.default\">\n\t\t\t\t<div class=\"elementor-widget-container\">\n\t\t\t\t\t\t\t<div class=\"elementor-icon-wrapper\">\n\t\t\t<div class=\"elementor-icon\">\n\t\t\t<svg xmlns=\"http:\/\/www.w3.org\/2000\/svg\" id=\"Ebene_2\" data-name=\"Ebene 2\" viewbox=\"0 0 247.6 278.17\"><defs><style>      .cls-1 {        fill: #ffaf2c;        stroke-width: 0px;      }    <\/style><\/defs><g id=\"Ebene_12\" data-name=\"Ebene 12\"><path class=\"cls-1\" d=\"m247.6,196.13v-114.08c0-8.93-4.76-17.18-12.5-21.65L136.3,3.35c-7.74-4.47-17.26-4.47-25,0L12.5,60.39c-7.74,4.47-12.5,12.72-12.5,21.65v114.08c0,8.93,4.76,17.18,12.5,21.65l98.8,57.04c7.74,4.47,17.26,4.47,25,0l98.8-57.04c7.74-4.47,12.5-12.72,12.5-21.65Z\"><\/path><\/g><\/svg>\t\t\t<\/div>\n\t\t<\/div>\n\t\t\t\t\t\t<\/div>\n\t\t\t\t<\/div>\n\t\t\t\t<div class=\"elementor-element elementor-element-08663a4 elementor-widget elementor-widget-heading\" data-id=\"08663a4\" data-element_type=\"widget\" data-widget_type=\"heading.default\">\n\t\t\t\t<div class=\"elementor-widget-container\">\n\t\t\t\t\t<h1 class=\"elementor-heading-title elementor-size-default\">Gebruikersvergoedingen<\/h1>\t\t\t\t<\/div>\n\t\t\t\t<\/div>\n\t\t\t\t\t<\/div>\n\t\t\t\t<\/div>\n\t\t<div class=\"elementor-element elementor-element-5173632 e-flex e-con-boxed e-con e-parent\" data-id=\"5173632\" data-element_type=\"container\">\n\t\t\t\t\t<div class=\"e-con-inner\">\n\t\t\t\t<div class=\"elementor-element elementor-element-b12a8a5 elementor-widget elementor-widget-text-editor\" data-id=\"b12a8a5\" data-element_type=\"widget\" data-widget_type=\"text-editor.default\">\n\t\t\t\t<div class=\"elementor-widget-container\">\n\t\t\t\t\t\t\t\t\t<p class=\"p1\"><strong>Status 01.01.2025<\/strong><\/p><p class=\"p1\">Gebruikskosten platform \"flextimeHUB\". <br \/>van Flexhub IT Solutions GmbH, <br \/>Stubenwald-Allee 21a, <br \/>64625 Bensheim <br \/><br \/>Het volgende overzicht toont de kosten die je maakt voor elk van de rollen die je vervult. Er wordt onderscheid gemaakt tussen de rollen die onder punt 1 en 2 worden genoemd. Dit onderscheid is gebaseerd op het feit of je diensten en\/of personeel afneemt, nodig hebt of kunt leveren. Houd er rekening mee dat de kosten alleen worden gemaakt wanneer je het platform gebruikt. <br \/><br \/>Alle vermelde prijzen zijn, tenzij anders vermeld, maandelijks verschuldigd en worden automatisch geregistreerd door het platform.<\/p>\t\t\t\t\t\t\t\t<\/div>\n\t\t\t\t<\/div>\n\t\t\t\t\t<\/div>\n\t\t\t\t<\/div>\n\t\t<div class=\"elementor-element elementor-element-ef97b4a e-flex e-con-boxed e-con e-parent\" data-id=\"ef97b4a\" data-element_type=\"container\">\n\t\t\t\t\t<div class=\"e-con-inner\">\n\t\t\t\t<div class=\"elementor-element elementor-element-14918db elementor-widget elementor-widget-heading\" data-id=\"14918db\" data-element_type=\"widget\" data-widget_type=\"heading.default\">\n\t\t\t\t<div class=\"elementor-widget-container\">\n\t\t\t\t\t<h2 class=\"elementor-heading-title elementor-size-default\">1. personeelsdienstverlener\/lener\/aannemer<\/h2>\t\t\t\t<\/div>\n\t\t\t\t<\/div>\n\t\t\t\t<div class=\"elementor-element elementor-element-dec58eb elementor-widget elementor-widget-image\" data-id=\"dec58eb\" data-element_type=\"widget\" data-widget_type=\"image.default\">\n\t\t\t\t<div class=\"elementor-widget-container\">\n\t\t\t\t\t\t\t\t\t\t\t\t\t\t\t<img fetchpriority=\"high\" decoding=\"async\" width=\"1024\" height=\"589\" src=\"https:\/\/flextimehub.com\/wp-content\/uploads\/2025\/01\/Bildschirmfoto-2025-01-30-um-19.33.14-e1738262259731-1024x589.png\" class=\"attachment-large size-large wp-image-1836\" alt=\"\" srcset=\"https:\/\/flextimehub.com\/wp-content\/uploads\/2025\/01\/Bildschirmfoto-2025-01-30-um-19.33.14-e1738262259731-1024x589.png 1024w, https:\/\/flextimehub.com\/wp-content\/uploads\/2025\/01\/Bildschirmfoto-2025-01-30-um-19.33.14-e1738262259731-300x173.png 300w, https:\/\/flextimehub.com\/wp-content\/uploads\/2025\/01\/Bildschirmfoto-2025-01-30-um-19.33.14-e1738262259731-768x442.png 768w, https:\/\/flextimehub.com\/wp-content\/uploads\/2025\/01\/Bildschirmfoto-2025-01-30-um-19.33.14-e1738262259731-1536x883.png 1536w, https:\/\/flextimehub.com\/wp-content\/uploads\/2025\/01\/Bildschirmfoto-2025-01-30-um-19.33.14-e1738262259731-18x10.png 18w, https:\/\/flextimehub.com\/wp-content\/uploads\/2025\/01\/Bildschirmfoto-2025-01-30-um-19.33.14-e1738262259731.png 1704w\" sizes=\"(max-width: 1024px) 100vw, 1024px\" \/>\t\t\t\t\t\t\t\t\t\t\t\t\t\t\t<\/div>\n\t\t\t\t<\/div>\n\t\t\t\t<div class=\"elementor-element elementor-element-c4ede37 elementor-widget elementor-widget-heading\" data-id=\"c4ede37\" data-element_type=\"widget\" data-widget_type=\"heading.default\">\n\t\t\t\t<div class=\"elementor-widget-container\">\n\t\t\t\t\t<h2 class=\"elementor-heading-title elementor-size-default\">2. huurder\/leningnemer\/klant<\/h2>\t\t\t\t<\/div>\n\t\t\t\t<\/div>\n\t\t\t\t<div class=\"elementor-element elementor-element-cf41e5a elementor-widget elementor-widget-image\" data-id=\"cf41e5a\" data-element_type=\"widget\" data-widget_type=\"image.default\">\n\t\t\t\t<div class=\"elementor-widget-container\">\n\t\t\t\t\t\t\t\t\t\t\t\t\t\t\t<img decoding=\"async\" width=\"1024\" height=\"499\" src=\"https:\/\/flextimehub.com\/wp-content\/uploads\/2025\/01\/Bildschirmfoto-2025-01-30-um-19.35.50-e1738262370109-1024x499.png\" class=\"attachment-large size-large wp-image-1837\" alt=\"\" srcset=\"https:\/\/flextimehub.com\/wp-content\/uploads\/2025\/01\/Bildschirmfoto-2025-01-30-um-19.35.50-e1738262370109-1024x499.png 1024w, https:\/\/flextimehub.com\/wp-content\/uploads\/2025\/01\/Bildschirmfoto-2025-01-30-um-19.35.50-e1738262370109-300x146.png 300w, https:\/\/flextimehub.com\/wp-content\/uploads\/2025\/01\/Bildschirmfoto-2025-01-30-um-19.35.50-e1738262370109-768x374.png 768w, https:\/\/flextimehub.com\/wp-content\/uploads\/2025\/01\/Bildschirmfoto-2025-01-30-um-19.35.50-e1738262370109-1536x748.png 1536w, https:\/\/flextimehub.com\/wp-content\/uploads\/2025\/01\/Bildschirmfoto-2025-01-30-um-19.35.50-e1738262370109-18x9.png 18w, https:\/\/flextimehub.com\/wp-content\/uploads\/2025\/01\/Bildschirmfoto-2025-01-30-um-19.35.50-e1738262370109.png 1698w\" sizes=\"(max-width: 1024px) 100vw, 1024px\" \/>\t\t\t\t\t\t\t\t\t\t\t\t\t\t\t<\/div>\n\t\t\t\t<\/div>\n\t\t\t\t<div class=\"elementor-element elementor-element-9591ff1 elementor-widget elementor-widget-heading\" data-id=\"9591ff1\" data-element_type=\"widget\" data-widget_type=\"heading.default\">\n\t\t\t\t<div class=\"elementor-widget-container\">\n\t\t\t\t\t<h2 class=\"elementor-heading-title elementor-size-default\">Discontering op basis van gebruik<\/h2>\t\t\t\t<\/div>\n\t\t\t\t<\/div>\n\t\t\t\t<div class=\"elementor-element elementor-element-b07beec elementor-widget__width-initial elementor-widget-mobile__width-inherit elementor-widget elementor-widget-text-editor\" data-id=\"b07beec\" data-element_type=\"widget\" data-widget_type=\"text-editor.default\">\n\t\t\t\t<div class=\"elementor-widget-container\">\n\t\t\t\t\t\t\t\t\t<p class=\"p1\">* Het hierboven vermelde forfait daalt met toenemende bezetting of via het platform geboekte en gefactureerde werkuren op basis van de geregistreerde prestaties van de vorige maand, van de personeelsdienstverlener\/verhuurder\/aannemer, volgens de volgende schaal:<\/p>\t\t\t\t\t\t\t\t<\/div>\n\t\t\t\t<\/div>\n\t\t\t\t<div class=\"elementor-element elementor-element-e6986d8 elementor-widget elementor-widget-image\" data-id=\"e6986d8\" data-element_type=\"widget\" data-widget_type=\"image.default\">\n\t\t\t\t<div class=\"elementor-widget-container\">\n\t\t\t\t\t\t\t\t\t\t\t\t\t\t\t<img decoding=\"async\" width=\"1024\" height=\"465\" src=\"https:\/\/flextimehub.com\/wp-content\/uploads\/2025\/01\/Bildschirmfoto-2025-01-30-um-19.40.53-1024x465.png\" class=\"attachment-large size-large wp-image-1838\" alt=\"\" srcset=\"https:\/\/flextimehub.com\/wp-content\/uploads\/2025\/01\/Bildschirmfoto-2025-01-30-um-19.40.53-1024x465.png 1024w, https:\/\/flextimehub.com\/wp-content\/uploads\/2025\/01\/Bildschirmfoto-2025-01-30-um-19.40.53-300x136.png 300w, https:\/\/flextimehub.com\/wp-content\/uploads\/2025\/01\/Bildschirmfoto-2025-01-30-um-19.40.53-768x349.png 768w, https:\/\/flextimehub.com\/wp-content\/uploads\/2025\/01\/Bildschirmfoto-2025-01-30-um-19.40.53-18x8.png 18w, https:\/\/flextimehub.com\/wp-content\/uploads\/2025\/01\/Bildschirmfoto-2025-01-30-um-19.40.53.png 1320w\" sizes=\"(max-width: 1024px) 100vw, 1024px\" \/>\t\t\t\t\t\t\t\t\t\t\t\t\t\t\t<\/div>\n\t\t\t\t<\/div>\n\t\t\t\t<div class=\"elementor-element elementor-element-6215ab3 elementor-widget__width-initial elementor-widget-mobile__width-inherit elementor-widget elementor-widget-text-editor\" data-id=\"6215ab3\" data-element_type=\"widget\" data-widget_type=\"text-editor.default\">\n\t\t\t\t<div class=\"elementor-widget-container\">\n\t\t\t\t\t\t\t\t\t<p class=\"p1\">Voorbeeld: In de maand juli hebben uw ingeleende werknemers 25.000 uur gewerkt, die door de inlenende bedrijven zijn geregistreerd. Als u in de voorgaande maand niet meer dan 2.000 uur heeft gewerkt, bent u een vast bedrag van \u20ac 25.000 verschuldigd voor het werk dat in juli is verricht. In de volgende maand werken je werknemers 32.000 uur. Door de gebruiksafhankelijke korting van de vorige maand krijg je een korting van 40% op de gewerkte uren en betaal je dus slechts een forfaitaire plaatsingsvergoeding van \u20ac18.000.<\/p>\t\t\t\t\t\t\t\t<\/div>\n\t\t\t\t<\/div>\n\t\t\t\t<div class=\"elementor-element elementor-element-dd06630 elementor-widget__width-initial elementor-widget-mobile__width-inherit elementor-widget elementor-widget-text-editor\" data-id=\"dd06630\" data-element_type=\"widget\" data-widget_type=\"text-editor.default\">\n\t\t\t\t<div class=\"elementor-widget-container\">\n\t\t\t\t\t\t\t\t\t<p class=\"p1\">**FlexHUB IT Solutions GmbH behoudt zich het recht voor om voor marketingdoeleinden de prijzen voor nieuwe klanten voor een beperkte periode aan te passen. Tenzij anders vermeld, hebben bestaande klanten geen recht om te profiteren van de actieprijzen of om deel te nemen aan de promoties. **In geval van een eenzijdig verzoek zijn de gemaakte kosten voor rekening van de aanvrager. Als de digitale ondertekening van de contracten door beide contractpartijen wordt aangevraagd, worden de kosten gedeeld. Ook verschuldigd in geval van annulering na ondertekening door een van de contractpartijen. Als het contract wordt geannuleerd, zijn de kosten voor rekening van de contractant die het initiatief voor de annulering heeft genomen.<\/p>\t\t\t\t\t\t\t\t<\/div>\n\t\t\t\t<\/div>\n\t\t\t\t\t<\/div>\n\t\t\t\t<\/div>\n\t\t\t\t<\/div>","protected":false},"excerpt":{"rendered":"<p>Nutzungsgeb\u00fchren Stand 01.01.2025 Nutzungsgeb\u00fchren Plattform \u201eflextimeHUB\u201c der Flexhub IT Solutions GmbH, Stubenwald-Allee 21a, 64625 Bensheim Die nachfolgende \u00dcbersicht zeigt die jeweils f\u00fcr die von Ihnen wahrgenommene Rolle entstehenden Kosten auf. Dabei wird zwischen den unter den Punkten 1 und 2 genannten Rollen unterschieden. Diese Unterscheidung basiert darauf, ob Sie Leistungen und\/oder Personal beziehen bzw. ben\u00f6tigen [&hellip;]<\/p>","protected":false},"author":1,"featured_media":0,"parent":0,"menu_order":0,"comment_status":"closed","ping_status":"closed","template":"","meta":{"content-type":"","site-sidebar-layout":"no-sidebar","site-content-layout":"","ast-site-content-layout":"full-width-container","site-content-style":"default","site-sidebar-style":"default","ast-global-header-display":"","ast-banner-title-visibility":"","ast-main-header-display":"","ast-hfb-above-header-display":"","ast-hfb-below-header-display":"","ast-hfb-mobile-header-display":"","site-post-title":"disabled","ast-breadcrumbs-content":"","ast-featured-img":"disabled","footer-sml-layout":"","theme-transparent-header-meta":"","adv-header-id-meta":"","stick-header-meta":"","header-above-stick-meta":"","header-main-stick-meta":"","header-below-stick-meta":"","astra-migrate-meta-layouts":"default","ast-page-background-enabled":"default","ast-page-background-meta":{"desktop":{"background-color":"var(--ast-global-color-4)","background-image":"","background-repeat":"repeat","background-position":"center center","background-size":"auto","background-attachment":"scroll","background-type":"","background-media":"","overlay-type":"","overlay-color":"","overlay-opacity":"","overlay-gradient":""},"tablet":{"background-color":"","background-image":"","background-repeat":"repeat","background-position":"center center","background-size":"auto","background-attachment":"scroll","background-type":"","background-media":"","overlay-type":"","overlay-color":"","overlay-opacity":"","overlay-gradient":""},"mobile":{"background-color":"","background-image":"","background-repeat":"repeat","background-position":"center center","background-size":"auto","background-attachment":"scroll","background-type":"","background-media":"","overlay-type":"","overlay-color":"","overlay-opacity":"","overlay-gradient":""}},"ast-content-background-meta":{"desktop":{"background-color":"var(--ast-global-color-5)","background-image":"","background-repeat":"repeat","background-position":"center center","background-size":"auto","background-attachment":"scroll","background-type":"","background-media":"","overlay-type":"","overlay-color":"","overlay-opacity":"","overlay-gradient":""},"tablet":{"background-color":"var(--ast-global-color-5)","background-image":"","background-repeat":"repeat","background-position":"center center","background-size":"auto","background-attachment":"scroll","background-type":"","background-media":"","overlay-type":"","overlay-color":"","overlay-opacity":"","overlay-gradient":""},"mobile":{"background-color":"var(--ast-global-color-5)","background-image":"","background-repeat":"repeat","background-position":"center center","background-size":"auto","background-attachment":"scroll","background-type":"","background-media":"","overlay-type":"","overlay-color":"","overlay-opacity":"","overlay-gradient":""}},"footnotes":""},"class_list":["post-1826","page","type-page","status-publish","hentry"],"yoast_head":"<!-- This site is optimized with the Yoast SEO plugin v26.6 - https:\/\/yoast.com\/wordpress\/plugins\/seo\/ -->\n<title>Nutzungsgeb\u00fchren - flextimeHUB<\/title>\n<meta name=\"robots\" content=\"index, follow, max-snippet:-1, max-image-preview:large, max-video-preview:-1\" \/>\n<link rel=\"canonical\" href=\"https:\/\/flextimehub.com\/nl\/gebruikersvergoedingen\/\" \/>\n<meta property=\"og:locale\" content=\"nl_NL\" \/>\n<meta property=\"og:type\" content=\"article\" \/>\n<meta property=\"og:title\" content=\"Nutzungsgeb\u00fchren - flextimeHUB\" \/>\n<meta property=\"og:description\" content=\"Nutzungsgeb\u00fchren Stand 01.01.2025 Nutzungsgeb\u00fchren Plattform \u201eflextimeHUB\u201c der Flexhub IT Solutions GmbH, Stubenwald-Allee 21a, 64625 Bensheim Die nachfolgende \u00dcbersicht zeigt die jeweils f\u00fcr die von Ihnen wahrgenommene Rolle entstehenden Kosten auf. Dabei wird zwischen den unter den Punkten 1 und 2 genannten Rollen unterschieden. Diese Unterscheidung basiert darauf, ob Sie Leistungen und\/oder Personal beziehen bzw. ben\u00f6tigen [&hellip;]\" \/>\n<meta property=\"og:url\" content=\"https:\/\/flextimehub.com\/nl\/gebruikersvergoedingen\/\" \/>\n<meta property=\"og:site_name\" content=\"flextimeHUB\" \/>\n<meta property=\"article:modified_time\" content=\"2025-01-30T18:44:36+00:00\" \/>\n<meta property=\"og:image\" content=\"https:\/\/flextimehub.com\/wp-content\/uploads\/2025\/01\/Bildschirmfoto-2025-01-30-um-19.33.14-e1738262259731.png\" \/>\n\t<meta property=\"og:image:width\" content=\"1704\" \/>\n\t<meta property=\"og:image:height\" content=\"980\" \/>\n\t<meta property=\"og:image:type\" content=\"image\/png\" \/>\n<meta name=\"twitter:card\" content=\"summary_large_image\" \/>\n<meta name=\"twitter:label1\" content=\"Verwachte leestijd\" \/>\n\t<meta name=\"twitter:data1\" content=\"3 minuten\" \/>\n<script type=\"application\/ld+json\" class=\"yoast-schema-graph\">{\"@context\":\"https:\/\/schema.org\",\"@graph\":[{\"@type\":\"WebPage\",\"@id\":\"https:\/\/flextimehub.com\/nutzungsgebuehren\/\",\"url\":\"https:\/\/flextimehub.com\/nutzungsgebuehren\/\",\"name\":\"Nutzungsgeb\u00fchren - flextimeHUB\",\"isPartOf\":{\"@id\":\"https:\/\/flextimehub.com\/#website\"},\"primaryImageOfPage\":{\"@id\":\"https:\/\/flextimehub.com\/nutzungsgebuehren\/#primaryimage\"},\"image\":{\"@id\":\"https:\/\/flextimehub.com\/nutzungsgebuehren\/#primaryimage\"},\"thumbnailUrl\":\"https:\/\/flextimehub.com\/wp-content\/uploads\/2025\/01\/Bildschirmfoto-2025-01-30-um-19.33.14-e1738262259731-1024x589.png\",\"datePublished\":\"2025-01-30T12:04:35+00:00\",\"dateModified\":\"2025-01-30T18:44:36+00:00\",\"breadcrumb\":{\"@id\":\"https:\/\/flextimehub.com\/nutzungsgebuehren\/#breadcrumb\"},\"inLanguage\":\"nl-NL\",\"potentialAction\":[{\"@type\":\"ReadAction\",\"target\":[\"https:\/\/flextimehub.com\/nutzungsgebuehren\/\"]}]},{\"@type\":\"ImageObject\",\"inLanguage\":\"nl-NL\",\"@id\":\"https:\/\/flextimehub.com\/nutzungsgebuehren\/#primaryimage\",\"url\":\"https:\/\/flextimehub.com\/wp-content\/uploads\/2025\/01\/Bildschirmfoto-2025-01-30-um-19.33.14-e1738262259731-1024x589.png\",\"contentUrl\":\"https:\/\/flextimehub.com\/wp-content\/uploads\/2025\/01\/Bildschirmfoto-2025-01-30-um-19.33.14-e1738262259731-1024x589.png\"},{\"@type\":\"BreadcrumbList\",\"@id\":\"https:\/\/flextimehub.com\/nutzungsgebuehren\/#breadcrumb\",\"itemListElement\":[{\"@type\":\"ListItem\",\"position\":1,\"name\":\"Home\",\"item\":\"https:\/\/flextimehub.com\/\"},{\"@type\":\"ListItem\",\"position\":2,\"name\":\"Nutzungsgeb\u00fchren\"}]},{\"@type\":\"WebSite\",\"@id\":\"https:\/\/flextimehub.com\/#website\",\"url\":\"https:\/\/flextimehub.com\/\",\"name\":\"flextimeHUB\",\"description\":\"\",\"publisher\":{\"@id\":\"https:\/\/flextimehub.com\/#organization\"},\"inLanguage\":\"nl-NL\"},{\"@type\":\"Organization\",\"@id\":\"https:\/\/flextimehub.com\/#organization\",\"name\":\"flextimeHUB\",\"url\":\"https:\/\/flextimehub.com\/\",\"logo\":{\"@type\":\"ImageObject\",\"inLanguage\":\"nl-NL\",\"@id\":\"https:\/\/flextimehub.com\/#\/schema\/logo\/image\/\",\"url\":\"https:\/\/flextimehub.com\/wp-content\/uploads\/2023\/12\/FTH_LogoText_dark_default.svg\",\"contentUrl\":\"https:\/\/flextimehub.com\/wp-content\/uploads\/2023\/12\/FTH_LogoText_dark_default.svg\",\"width\":1000,\"height\":184,\"caption\":\"flextimeHUB\"},\"image\":{\"@id\":\"https:\/\/flextimehub.com\/#\/schema\/logo\/image\/\"}}]}<\/script>\n<!-- \/ Yoast SEO plugin. -->","yoast_head_json":{"title":"Gebruikersvergoedingen - flextimeHUB","robots":{"index":"index","follow":"follow","max-snippet":"max-snippet:-1","max-image-preview":"max-image-preview:large","max-video-preview":"max-video-preview:-1"},"canonical":"https:\/\/flextimehub.com\/nl\/gebruikersvergoedingen\/","og_locale":"nl_NL","og_type":"article","og_title":"Nutzungsgeb\u00fchren - flextimeHUB","og_description":"Nutzungsgeb\u00fchren Stand 01.01.2025 Nutzungsgeb\u00fchren Plattform \u201eflextimeHUB\u201c der Flexhub IT Solutions GmbH, Stubenwald-Allee 21a, 64625 Bensheim Die nachfolgende \u00dcbersicht zeigt die jeweils f\u00fcr die von Ihnen wahrgenommene Rolle entstehenden Kosten auf. Dabei wird zwischen den unter den Punkten 1 und 2 genannten Rollen unterschieden. Diese Unterscheidung basiert darauf, ob Sie Leistungen und\/oder Personal beziehen bzw. ben\u00f6tigen [&hellip;]","og_url":"https:\/\/flextimehub.com\/nl\/gebruikersvergoedingen\/","og_site_name":"flextimeHUB","article_modified_time":"2025-01-30T18:44:36+00:00","og_image":[{"width":1704,"height":980,"url":"https:\/\/flextimehub.com\/wp-content\/uploads\/2025\/01\/Bildschirmfoto-2025-01-30-um-19.33.14-e1738262259731.png","type":"image\/png"}],"twitter_card":"summary_large_image","twitter_misc":{"Verwachte leestijd":"3 minuten"},"schema":{"@context":"https:\/\/schema.org","@graph":[{"@type":"WebPage","@id":"https:\/\/flextimehub.com\/nutzungsgebuehren\/","url":"https:\/\/flextimehub.com\/nutzungsgebuehren\/","name":"Gebruikersvergoedingen - flextimeHUB","isPartOf":{"@id":"https:\/\/flextimehub.com\/#website"},"primaryImageOfPage":{"@id":"https:\/\/flextimehub.com\/nutzungsgebuehren\/#primaryimage"},"image":{"@id":"https:\/\/flextimehub.com\/nutzungsgebuehren\/#primaryimage"},"thumbnailUrl":"https:\/\/flextimehub.com\/wp-content\/uploads\/2025\/01\/Bildschirmfoto-2025-01-30-um-19.33.14-e1738262259731-1024x589.png","datePublished":"2025-01-30T12:04:35+00:00","dateModified":"2025-01-30T18:44:36+00:00","breadcrumb":{"@id":"https:\/\/flextimehub.com\/nutzungsgebuehren\/#breadcrumb"},"inLanguage":"nl-NL","potentialAction":[{"@type":"ReadAction","target":["https:\/\/flextimehub.com\/nutzungsgebuehren\/"]}]},{"@type":"ImageObject","inLanguage":"nl-NL","@id":"https:\/\/flextimehub.com\/nutzungsgebuehren\/#primaryimage","url":"https:\/\/flextimehub.com\/wp-content\/uploads\/2025\/01\/Bildschirmfoto-2025-01-30-um-19.33.14-e1738262259731-1024x589.png","contentUrl":"https:\/\/flextimehub.com\/wp-content\/uploads\/2025\/01\/Bildschirmfoto-2025-01-30-um-19.33.14-e1738262259731-1024x589.png"},{"@type":"BreadcrumbList","@id":"https:\/\/flextimehub.com\/nutzungsgebuehren\/#breadcrumb","itemListElement":[{"@type":"ListItem","position":1,"name":"Home","item":"https:\/\/flextimehub.com\/"},{"@type":"ListItem","position":2,"name":"Nutzungsgeb\u00fchren"}]},{"@type":"WebSite","@id":"https:\/\/flextimehub.com\/#website","url":"https:\/\/flextimehub.com\/","name":"flextimeHUB","description":"","publisher":{"@id":"https:\/\/flextimehub.com\/#organization"},"inLanguage":"nl-NL"},{"@type":"Organization","@id":"https:\/\/flextimehub.com\/#organization","name":"flextimeHUB","url":"https:\/\/flextimehub.com\/","logo":{"@type":"ImageObject","inLanguage":"nl-NL","@id":"https:\/\/flextimehub.com\/#\/schema\/logo\/image\/","url":"https:\/\/flextimehub.com\/wp-content\/uploads\/2023\/12\/FTH_LogoText_dark_default.svg","contentUrl":"https:\/\/flextimehub.com\/wp-content\/uploads\/2023\/12\/FTH_LogoText_dark_default.svg","width":1000,"height":184,"caption":"flextimeHUB"},"image":{"@id":"https:\/\/flextimehub.com\/#\/schema\/logo\/image\/"}}]}},"_links":{"self":[{"href":"https:\/\/flextimehub.com\/nl\/wp-json\/wp\/v2\/pages\/1826","targetHints":{"allow":["GET"]}}],"collection":[{"href":"https:\/\/flextimehub.com\/nl\/wp-json\/wp\/v2\/pages"}],"about":[{"href":"https:\/\/flextimehub.com\/nl\/wp-json\/wp\/v2\/types\/page"}],"author":[{"embeddable":true,"href":"https:\/\/flextimehub.com\/nl\/wp-json\/wp\/v2\/users\/1"}],"replies":[{"embeddable":true,"href":"https:\/\/flextimehub.com\/nl\/wp-json\/wp\/v2\/comments?post=1826"}],"version-history":[{"count":10,"href":"https:\/\/flextimehub.com\/nl\/wp-json\/wp\/v2\/pages\/1826\/revisions"}],"predecessor-version":[{"id":1844,"href":"https:\/\/flextimehub.com\/nl\/wp-json\/wp\/v2\/pages\/1826\/revisions\/1844"}],"wp:attachment":[{"href":"https:\/\/flextimehub.com\/nl\/wp-json\/wp\/v2\/media?parent=1826"}],"curies":[{"name":"wp","href":"https:\/\/api.w.org\/{rel}","templated":true}]}}